{"id":294,"date":"2018-01-27T13:09:22","date_gmt":"2018-01-27T12:09:22","guid":{"rendered":"http:\/\/cisty-pisek.cz\/uvod\/"},"modified":"2021-03-02T08:20:45","modified_gmt":"2021-03-02T07:20:45","slug":"uvod","status":"publish","type":"page","link":"https:\/\/cisty-pisek.cz\/en\/","title":{"rendered":"Home"},"content":{"rendered":"<p>[et_pb_section fb_built=&#8221;1&#8243; module_id=&#8221;hpFirst&#8221; _builder_version=&#8221;4.2&#8243; background_image=&#8221;http:\/\/cisty-pisek.cz\/wp-content\/uploads\/2020\/01\/cover.jpg&#8221; background_video_mp4=&#8221;http:\/\/cisty-pisek.cz\/wp-content\/uploads\/2020\/01\/CFC-intro1.mp4&#8243; background_video_webm=&#8221;http:\/\/cisty-pisek.cz\/wp-content\/uploads\/2020\/01\/CFC-export1.webm&#8221;][et_pb_row column_structure=&#8221;1_2,1_2&#8243; _builder_version=&#8221;4.1&#8243;][et_pb_column type=&#8221;1_2&#8243; _builder_version=&#8221;4.1&#8243;][\/et_pb_column][et_pb_column type=&#8221;1_2&#8243; _builder_version=&#8221;4.1&#8243;][et_pb_text module_id=&#8221;hpClaim&#8221; _builder_version=&#8221;4.1&#8243; background_layout=&#8221;dark&#8221;]effective cleaning of sandy beaches<br \/>\n[\/et_pb_text][\/et_pb_column][\/et_pb_row][\/et_pb_section][et_pb_section fb_built=&#8221;1&#8243; admin_label=&#8221;section&#8221; _builder_version=&#8221;3.22&#8243;][et_pb_row column_structure=&#8221;1_2,1_2&#8243; admin_label=&#8221;row&#8221; _builder_version=&#8221;3.25&#8243; background_size=&#8221;initial&#8221; background_position=&#8221;top_left&#8221; background_repeat=&#8221;repeat&#8221;][et_pb_column type=&#8221;1_2&#8243; _builder_version=&#8221;3.25&#8243; custom_padding=&#8221;|||&#8221; custom_padding__hover=&#8221;|||&#8221;][et_pb_image src=&#8221;http:\/\/cisty-pisek.cz\/wp-content\/uploads\/2020\/01\/cisteni-pisku.jpg&#8221; alt=&#8221;CFC \u010di\u0161t\u011bn\u00ed p\u00edsku&#8221; align=&#8221;center&#8221; _builder_version=&#8221;4.1&#8243; animation_style=&#8221;slide&#8221;][\/et_pb_image][\/et_pb_column][et_pb_column type=&#8221;1_2&#8243; _builder_version=&#8221;3.25&#8243; custom_padding=&#8221;|||&#8221; custom_padding__hover=&#8221;|||&#8221;][et_pb_text admin_label=&#8221;Text&#8221; _builder_version=&#8221;4.2.1&#8243; background_size=&#8221;initial&#8221; background_position=&#8221;top_left&#8221; background_repeat=&#8221;repeat&#8221; hover_enabled=&#8221;0&#8243;]<\/p>\n<h1>Experience<br \/>\nand craftsmanship<\/h1>\n<p>CFC skills have a secret behind it: a tradition of over 50 years in the construction of tracked machines for different applications, today came the second generation.<\/p>\n<p>Thanks to the extraordinary creativity and expertise of its team, CFC began to conceive, design and produce tracked machines used in different sectors industries, construction, agriculture and beachcleaning, by automating and accelerating the production. CFC produces its products with great craftsmanship care, increasingly rare feature on the market.<\/p>\n<p>Thanks to the considerable experience, CFC offers work machines from very efficient and reliable performance. The objective of CFC in fact, is to always offer new equipment that is able to respond effectively to all the requirements of power, manoeuvrability and speed that more and more are necessary in many business activities.<br \/>\n[\/et_pb_text][\/et_pb_column][\/et_pb_row][\/et_pb_section][et_pb_section fb_built=&#8221;1&#8243; module_id=&#8221;vypisStroju&#8221; _builder_version=&#8221;4.1&#8243;][et_pb_row _builder_version=&#8221;4.1&#8243;][et_pb_column type=&#8221;4_4&#8243; _builder_version=&#8221;4.1&#8243;][et_pb_text _builder_version=&#8221;4.1&#8243; text_orientation=&#8221;center&#8221;]<\/p>\n<h2>Offer machines<\/h2>\n<p>[\/et_pb_text][et_pb_code _builder_version=&#8221;4.1&#8243;]<section id=\"vypisstroju\">\n<div class=\"row radek-stroj\">\n    \n      <div class=\"col-md-4 strojBox\">\n        <a href=\"https:\/\/cisty-pisek.cz\/stroje\/baby-tapiro-2\/\"><div class=\"obrazek-stroje\"><img loading=\"lazy\" width=\"360\" height=\"240\" src=\"https:\/\/cisty-pisek.cz\/wp-content\/uploads\/2023\/10\/BABY-TAPIRO-ELECTRIC-360x240.jpg\" class=\"nahledStroje wp-post-image\" alt=\"Baby Tapiro &#8211; Electric NOVINKA\" decoding=\"async\" srcset=\"https:\/\/cisty-pisek.cz\/wp-content\/uploads\/2023\/10\/BABY-TAPIRO-ELECTRIC-360x240.jpg 360w, https:\/\/cisty-pisek.cz\/wp-content\/uploads\/2023\/10\/BABY-TAPIRO-ELECTRIC-570x380.jpg 570w\" sizes=\"(max-width: 360px) 100vw, 360px\" \/><\/div><\/a>        <h3><a href=\"https:\/\/cisty-pisek.cz\/stroje\/baby-tapiro-2\/\">Baby Tapiro &#8211; Electric NOVINKA<\/a><\/h3>\n\n        <p>Baby Tapiro Electric p\u0159edstavuje evoluci modelu Baby, kter\u00fd je kl\u00ed\u010dem k udr\u017eiteln\u00e9 budoucnosti. D\u00edky inovativn\u00edmu elektrick\u00e9mu motoru umo\u017e\u0148uje stroj prov\u00e1d\u011bt \u010di\u0161t\u011bn\u00ed pl\u00e1\u017e\u00ed\u00a0 nejmodern\u011bj\u0161\u00edm zp\u016fsobem, ekologicky a \u0161etrn\u011b k&#8230;<\/p>\n\n        <a class=\"btnDef\" href=\"https:\/\/cisty-pisek.cz\/stroje\/baby-tapiro-2\/\">Show<\/a>\n      <\/div>\n   \n\n    \n      <div class=\"col-md-4 strojBox\">\n        <a href=\"https:\/\/cisty-pisek.cz\/en\/machinery\/baby-tapiro\/\"><div class=\"obrazek-stroje\"><img loading=\"lazy\" width=\"360\" height=\"240\" src=\"https:\/\/cisty-pisek.cz\/wp-content\/uploads\/2020\/01\/baby-tapiro-00-360x240.jpg\" class=\"nahledStroje wp-post-image\" alt=\"Baby Tapiro\" decoding=\"async\" srcset=\"https:\/\/cisty-pisek.cz\/wp-content\/uploads\/2020\/01\/baby-tapiro-00-360x240.jpg 360w, https:\/\/cisty-pisek.cz\/wp-content\/uploads\/2020\/01\/baby-tapiro-00-570x380.jpg 570w\" sizes=\"(max-width: 360px) 100vw, 360px\" \/><\/div><\/a>        <h3><a href=\"https:\/\/cisty-pisek.cz\/en\/machinery\/baby-tapiro\/\">Baby Tapiro<\/a><\/h3>\n\n        <p>Baby Tapiro, represents the revolution in the traction beachcleaning machines;in fact, thanks to the innovative free marches gear, plus reverse drive, and with the driving system with turning&#8230;<\/p>\n\n        <a class=\"btnDef\" href=\"https:\/\/cisty-pisek.cz\/en\/machinery\/baby-tapiro\/\">Show<\/a>\n      <\/div>\n   \n\n    \n      <div class=\"col-md-4 strojBox\">\n        <a href=\"https:\/\/cisty-pisek.cz\/en\/machinery\/sprint-tapiro\/\"><div class=\"obrazek-stroje\"><img loading=\"lazy\" width=\"360\" height=\"240\" src=\"https:\/\/cisty-pisek.cz\/wp-content\/uploads\/2020\/01\/Sprint-tapiro-00-360x240.jpg\" class=\"nahledStroje wp-post-image\" alt=\"Sprint Tapiro\" decoding=\"async\" srcset=\"https:\/\/cisty-pisek.cz\/wp-content\/uploads\/2020\/01\/Sprint-tapiro-00-360x240.jpg 360w, https:\/\/cisty-pisek.cz\/wp-content\/uploads\/2020\/01\/Sprint-tapiro-00-570x380.jpg 570w\" sizes=\"(max-width: 360px) 100vw, 360px\" \/><\/div><\/a>        <h3><a href=\"https:\/\/cisty-pisek.cz\/en\/machinery\/sprint-tapiro\/\">Sprint Tapiro<\/a><\/h3>\n\n        <p>It takes full advantage of the SpeedTapiro technology, high yield, highquality and great power, all with reduced dimensions.The beachcleaning machine for the small size beaches,effective and easy to&#8230;<\/p>\n\n        <a class=\"btnDef\" href=\"https:\/\/cisty-pisek.cz\/en\/machinery\/sprint-tapiro\/\">Show<\/a>\n      <\/div>\n   \n\n    \n      <div class=\"col-md-4 strojBox\">\n        <a href=\"https:\/\/cisty-pisek.cz\/en\/machinery\/speed-tapiro\/\"><div class=\"obrazek-stroje\"><img loading=\"lazy\" width=\"360\" height=\"240\" src=\"https:\/\/cisty-pisek.cz\/wp-content\/uploads\/2020\/01\/speed-tapiro-150-00-360x240.jpg\" class=\"nahledStroje wp-post-image\" alt=\"Speed Tapiro\" decoding=\"async\" srcset=\"https:\/\/cisty-pisek.cz\/wp-content\/uploads\/2020\/01\/speed-tapiro-150-00-360x240.jpg 360w, https:\/\/cisty-pisek.cz\/wp-content\/uploads\/2020\/01\/speed-tapiro-150-00-570x380.jpg 570w\" sizes=\"(max-width: 360px) 100vw, 360px\" \/><\/div><\/a>        <h3><a href=\"https:\/\/cisty-pisek.cz\/en\/machinery\/speed-tapiro\/\">Speed Tapiro<\/a><\/h3>\n\n        <p>Speed Tapiro has a gamma of four different versions that make it suitable for any type and size of beach. Its speed reduces the time of clearing job,&#8230;<\/p>\n\n        <a class=\"btnDef\" href=\"https:\/\/cisty-pisek.cz\/en\/machinery\/speed-tapiro\/\">Show<\/a>\n      <\/div>\n   \n\n    \n      <div class=\"col-md-4 strojBox\">\n        <a href=\"https:\/\/cisty-pisek.cz\/en\/machinery\/big-tapiro\/\"><div class=\"obrazek-stroje\"><img loading=\"lazy\" width=\"360\" height=\"240\" src=\"https:\/\/cisty-pisek.cz\/wp-content\/uploads\/2020\/01\/big-tapiro-00-360x240.jpg\" class=\"nahledStroje wp-post-image\" alt=\"Big Tapiro\" decoding=\"async\" srcset=\"https:\/\/cisty-pisek.cz\/wp-content\/uploads\/2020\/01\/big-tapiro-00-360x240.jpg 360w, https:\/\/cisty-pisek.cz\/wp-content\/uploads\/2020\/01\/big-tapiro-00-570x380.jpg 570w\" sizes=\"(max-width: 360px) 100vw, 360px\" \/><\/div><\/a>        <h3><a href=\"https:\/\/cisty-pisek.cz\/en\/machinery\/big-tapiro\/\">Big Tapiro<\/a><\/h3>\n\n        <p>Big Tapiro is the new beachcleaner forlarge beaches with considerable dirt.CFC has harnessed the technology already developed in the model Speed Tapiro in order to become even bigger&#8230;.<\/p>\n\n        <a class=\"btnDef\" href=\"https:\/\/cisty-pisek.cz\/en\/machinery\/big-tapiro\/\">Show<\/a>\n      <\/div>\n   \n\n    \n      <div class=\"col-md-4 strojBox\">\n        <a href=\"https:\/\/cisty-pisek.cz\/en\/machinery\/maxi-tapiro\/\"><div class=\"obrazek-stroje\"><img loading=\"lazy\" width=\"360\" height=\"240\" src=\"https:\/\/cisty-pisek.cz\/wp-content\/uploads\/2020\/01\/appendice-tapiro-07-1-360x240.jpg\" class=\"nahledStroje wp-post-image\" alt=\"Appendix Speed Tapiro\" decoding=\"async\" srcset=\"https:\/\/cisty-pisek.cz\/wp-content\/uploads\/2020\/01\/appendice-tapiro-07-1-360x240.jpg 360w, https:\/\/cisty-pisek.cz\/wp-content\/uploads\/2020\/01\/appendice-tapiro-07-1-570x380.jpg 570w\" sizes=\"(max-width: 360px) 100vw, 360px\" \/><\/div><\/a>        <h3><a href=\"https:\/\/cisty-pisek.cz\/en\/machinery\/maxi-tapiro\/\">Appendix Speed Tapiro<\/a><\/h3>\n\n        <p>The CFC beachcleaning appendix is particular interesting for customers that already own a tractor, in fact, tank to a simply and fast 3 point coupling system, You will&#8230;<\/p>\n\n        <a class=\"btnDef\" href=\"https:\/\/cisty-pisek.cz\/en\/machinery\/maxi-tapiro\/\">Show<\/a>\n      <\/div>\n   \n\n    \n      <div class=\"col-md-4 strojBox\">\n        <a href=\"https:\/\/cisty-pisek.cz\/en\/machinery\/appendix-big-tapiro\/\"><div class=\"obrazek-stroje\"><img loading=\"lazy\" width=\"360\" height=\"240\" src=\"https:\/\/cisty-pisek.cz\/wp-content\/uploads\/2020\/01\/big-tapiro-360x240.jpg\" class=\"nahledStroje wp-post-image\" alt=\"Appendix Big Tapiro\" decoding=\"async\" srcset=\"https:\/\/cisty-pisek.cz\/wp-content\/uploads\/2020\/01\/big-tapiro-360x240.jpg 360w, https:\/\/cisty-pisek.cz\/wp-content\/uploads\/2020\/01\/big-tapiro-570x380.jpg 570w\" sizes=\"(max-width: 360px) 100vw, 360px\" \/><\/div><\/a>        <h3><a href=\"https:\/\/cisty-pisek.cz\/en\/machinery\/appendix-big-tapiro\/\">Appendix Big Tapiro<\/a><\/h3>\n\n        <p>Big Tapiro appendix is the new beachcleaner to be applied to tractors for large beaches with considerable dirt.CFC has harnessed the technology already developed in the model Speed&#8230;<\/p>\n\n        <a class=\"btnDef\" href=\"https:\/\/cisty-pisek.cz\/en\/machinery\/appendix-big-tapiro\/\">Show<\/a>\n      <\/div>\n   \n\n\n <\/div>\n\n<\/section>\n[\/et_pb_code][\/et_pb_column][\/et_pb_row][\/et_pb_section]<\/p>\n","protected":false},"excerpt":{"rendered":"<p>[et_pb_section fb_built=&#8221;1&#8243; module_id=&#8221;hpFirst&#8221; _builder_version=&#8221;4.2&#8243; background_image=&#8221;http:\/\/cisty-pisek.cz\/wp-content\/uploads\/2020\/01\/cover.jpg&#8221; background_video_mp4=&#8221;http:\/\/cisty-pisek.cz\/wp-content\/uploads\/2020\/01\/CFC-intro1.mp4&#8243; background_video_webm=&#8221;http:\/\/cisty-pisek.cz\/wp-content\/uploads\/2020\/01\/CFC-export1.webm&#8221;][et_pb_row column_structure=&#8221;1_2,1_2&#8243; _builder_version=&#8221;4.1&#8243;][et_pb_column type=&#8221;1_2&#8243; _builder_version=&#8221;4.1&#8243;][\/et_pb_column][et_pb_column type=&#8221;1_2&#8243; _builder_version=&#8221;4.1&#8243;][et_pb_text module_id=&#8221;hpClaim&#8221; _builder_version=&#8221;4.1&#8243; background_layout=&#8221;dark&#8221;]effective cleaning of sandy beaches [\/et_pb_text][\/et_pb_column][\/et_pb_row][\/et_pb_section][et_pb_section fb_built=&#8221;1&#8243; admin_label=&#8221;section&#8221; _builder_version=&#8221;3.22&#8243;][et_pb_row column_structure=&#8221;1_2,1_2&#8243; admin_label=&#8221;row&#8221; _builder_version=&#8221;3.25&#8243; background_size=&#8221;initial&#8221;&#8230;<\/p>\n","protected":false},"author":1,"featured_media":0,"parent":0,"menu_order":0,"comment_status":"closed","ping_status":"open","template":"","meta":{"_et_pb_use_builder":"on","_et_pb_old_content":"CFC skills have a secret behind it: a tradition of over 50 years in the construction of tracked machines for different applications, today came the second generation.","_et_gb_content_width":"","footnotes":""},"acf":[],"aioseo_notices":[],"_links":{"self":[{"href":"https:\/\/cisty-pisek.cz\/en\/wp-json\/wp\/v2\/pages\/294"}],"collection":[{"href":"https:\/\/cisty-pisek.cz\/en\/wp-json\/wp\/v2\/pages"}],"about":[{"href":"https:\/\/cisty-pisek.cz\/en\/wp-json\/wp\/v2\/types\/page"}],"author":[{"embeddable":true,"href":"https:\/\/cisty-pisek.cz\/en\/wp-json\/wp\/v2\/users\/1"}],"replies":[{"embeddable":true,"href":"https:\/\/cisty-pisek.cz\/en\/wp-json\/wp\/v2\/comments?post=294"}],"version-history":[{"count":2,"href":"https:\/\/cisty-pisek.cz\/en\/wp-json\/wp\/v2\/pages\/294\/revisions"}],"predecessor-version":[{"id":438,"href":"https:\/\/cisty-pisek.cz\/en\/wp-json\/wp\/v2\/pages\/294\/revisions\/438"}],"wp:attachment":[{"href":"https:\/\/cisty-pisek.cz\/en\/wp-json\/wp\/v2\/media?parent=294"}],"curies":[{"name":"wp","href":"https:\/\/api.w.org\/{rel}","templated":true}]}}