{"id":290,"date":"2018-08-05T10:21:42","date_gmt":"2018-08-05T08:21:42","guid":{"rendered":"http:\/\/cisty-pisek.cz\/kontakt\/"},"modified":"2020-01-21T10:12:58","modified_gmt":"2020-01-21T09:12:58","slug":"kontakt","status":"publish","type":"page","link":"https:\/\/cisty-pisek.cz\/en\/kontakt\/","title":{"rendered":"Contact"},"content":{"rendered":"<p>[et_pb_section fb_built=&#8221;1&#8243; _builder_version=&#8221;4.1&#8243;][et_pb_row column_structure=&#8221;1_2,1_2&#8243; _builder_version=&#8221;4.1&#8243; custom_margin=&#8221;|auto|38px|auto||&#8221;][et_pb_column type=&#8221;1_2&#8243; _builder_version=&#8221;4.1&#8243;][et_pb_image src=&#8221;http:\/\/cisty-pisek.cz\/wp-content\/uploads\/2020\/01\/mapa2.jpg&#8221; url=&#8221;https:\/\/goo.gl\/maps\/TomP2V3wSgyYd4ts5&#8243; url_new_window=&#8221;on&#8221; _builder_version=&#8221;4.2.1&#8243; animation_style=&#8221;slide&#8221; hover_enabled=&#8221;0&#8243;][\/et_pb_image][\/et_pb_column][et_pb_column type=&#8221;1_2&#8243; _builder_version=&#8221;4.1&#8243;][et_pb_text module_id=&#8221;kontaktBox&#8221; _builder_version=&#8221;4.2&#8243;]<\/p>\n<h1>Contact<\/h1>\n<h3>A4BS s.r.o.<\/h3>\n<ul>\n<li class=\"adresa\">\u010ceskoslovensk\u00e9 arm\u00e1dy 1081<br \/>\n<span style=\"color: inherit; text-align: inherit; background-color: initial;\">684 01<br \/>\nSlavkov u Brna<\/span><\/li>\n<li class=\"email\">info@a4bs.cz<\/li>\n<li class=\"telefon\">+420 777 113 366<\/li>\n<\/ul>\n<p><strong>I\u010c:<\/strong> 05600944<br \/>\n<strong>DI\u010c:<\/strong> CZ05600944<\/p>\n<p>Spole\u010dnost je zaps\u00e1na v obchodn\u00edm rejst\u0159\u00edku veden\u00e9m u Krajsk\u00e9ho soudu ve M\u011bst\u011b, odd\u00edl C, vlo\u017eka \u010d\u00edslo 96642\/KSBR<\/p>\n<p><strong>S\u00eddlo spole\u010dnost:<\/strong><br \/>\nMokrohorsk\u00e1 550\/17a<br \/>\nBrno<br \/>\n644 00<br \/>\n[\/et_pb_text][\/et_pb_column][\/et_pb_row][\/et_pb_section]<\/p>\n","protected":false},"excerpt":{"rendered":"<p>Contact A4BS s.r.o&#8230;.<\/p>\n","protected":false},"author":1,"featured_media":0,"parent":0,"menu_order":0,"comment_status":"closed","ping_status":"closed","template":"","meta":{"_et_pb_use_builder":"on","_et_pb_old_content":"","_et_gb_content_width":"","footnotes":""},"acf":[],"aioseo_notices":[],"_links":{"self":[{"href":"https:\/\/cisty-pisek.cz\/en\/wp-json\/wp\/v2\/pages\/290"}],"collection":[{"href":"https:\/\/cisty-pisek.cz\/en\/wp-json\/wp\/v2\/pages"}],"about":[{"href":"https:\/\/cisty-pisek.cz\/en\/wp-json\/wp\/v2\/types\/page"}],"author":[{"embeddable":true,"href":"https:\/\/cisty-pisek.cz\/en\/wp-json\/wp\/v2\/users\/1"}],"replies":[{"embeddable":true,"href":"https:\/\/cisty-pisek.cz\/en\/wp-json\/wp\/v2\/comments?post=290"}],"version-history":[{"count":0,"href":"https:\/\/cisty-pisek.cz\/en\/wp-json\/wp\/v2\/pages\/290\/revisions"}],"wp:attachment":[{"href":"https:\/\/cisty-pisek.cz\/en\/wp-json\/wp\/v2\/media?parent=290"}],"curies":[{"name":"wp","href":"https:\/\/api.w.org\/{rel}","templated":true}]}}